{"id":10,"date":"2018-10-31T14:03:39","date_gmt":"2018-10-31T14:03:39","guid":{"rendered":"https:\/\/themes.muffingroup.com\/be\/model2\/?page_id=10"},"modified":"2025-09-24T22:26:40","modified_gmt":"2025-09-24T20:26:40","slug":"our-models","status":"publish","type":"page","link":"https:\/\/www.marketasmalcova.com\/?page_id=10","title":{"rendered":"Portfolio"},"content":{"rendered":"\n<p><\/p>\n\n\n\n<p class=\"has-text-align-center\">&#8220;Pro\u010d by se m\u011bl \u010dlov\u011bk u\u017e\u00edrat t\u00edm, co nem\u00e1, kdy\u017e se denn\u011b m\u016f\u017ee radovat z toho, co m\u00e1?&#8221;<\/p>\n\n\n\n<p class=\"has-text-align-center\">P\u0159ed lety jsem objevila kouzlo digit\u00e1ln\u00ed ilustrace a r\u00e1da tuto techniku vyu\u017e\u00edv\u00e1m zejm\u00e9na k tvorb\u011b obr\u00e1zk\u016f nejen pro d\u011bti, ale tak\u00e9 jako prost\u0159edek pro v\u00fdrobu nejr\u016fzn\u011bj\u0161\u00edch propaga\u010dn\u00edch materi\u00e1l\u016f. Douf\u00e1m, \u017ee v\u00e1s m\u016fj zlomek prezentovan\u00e9 tvorby pot\u011b\u0161\u00ed.<\/p>\n\n\n\n<p><strong>Reference:<\/strong> <\/p>\n\n\n\n<p>Slezsk\u00e1 univerzita v Opav\u011b, Magistr\u00e1t m\u011bsta Ostravy, DEBRA \u010cR, Univerzitn\u00ed knihovna SU, Bohemia Troppau, Charity Gums &#8211; dobr\u00fd \u017evejky, Nada\u010dn\u00ed fond Sv\u011btlo nad\u011bje, nakladatelstv\u00ed Albatros, Eiscaf\u00e9 Anna W\u00fcrzburg, nakladatelstv\u00ed Alpress, Z\u0160 Vrchn\u00ed Opava, Polepy a potisk od Heidi, www.promazliky.eu, nakladatelstv\u00ed Grada, www.mixit.cz, Nadace K\u0159i\u017eovatka, \u010dasopis Slun\u00ed\u010dko, nakladatelstv\u00ed Triton, um\u011bleck\u00e1 agentura Pierrot, nakladatelstv\u00ed Cpress<\/p>\n","protected":false},"excerpt":{"rendered":"<p>&#8220;Pro\u010d by se m\u011bl \u010dlov\u011bk u\u017e\u00edrat t\u00edm, co nem\u00e1, kdy\u017e se denn\u011b m\u016f\u017ee radovat z toho, co m\u00e1?&#8221; P\u0159ed lety jsem objevila kouzlo digit\u00e1ln\u00ed ilustrace a<span class=\"excerpt-hellip\"> [\u2026]<\/span><\/p>\n","protected":false},"author":1,"featured_media":0,"parent":0,"menu_order":0,"comment_status":"closed","ping_status":"closed","template":"template-portfolio.php","meta":{"footnotes":""},"class_list":["post-10","page","type-page","status-publish","hentry"],"jetpack_sharing_enabled":true,"_links":{"self":[{"href":"https:\/\/www.marketasmalcova.com\/index.php?rest_route=\/wp\/v2\/pages\/10","targetHints":{"allow":["GET"]}}],"collection":[{"href":"https:\/\/www.marketasmalcova.com\/index.php?rest_route=\/wp\/v2\/pages"}],"about":[{"href":"https:\/\/www.marketasmalcova.com\/index.php?rest_route=\/wp\/v2\/types\/page"}],"author":[{"embeddable":true,"href":"https:\/\/www.marketasmalcova.com\/index.php?rest_route=\/wp\/v2\/users\/1"}],"replies":[{"embeddable":true,"href":"https:\/\/www.marketasmalcova.com\/index.php?rest_route=%2Fwp%2Fv2%2Fcomments&post=10"}],"version-history":[{"count":41,"href":"https:\/\/www.marketasmalcova.com\/index.php?rest_route=\/wp\/v2\/pages\/10\/revisions"}],"predecessor-version":[{"id":2629,"href":"https:\/\/www.marketasmalcova.com\/index.php?rest_route=\/wp\/v2\/pages\/10\/revisions\/2629"}],"wp:attachment":[{"href":"https:\/\/www.marketasmalcova.com\/index.php?rest_route=%2Fwp%2Fv2%2Fmedia&parent=10"}],"curies":[{"name":"wp","href":"https:\/\/api.w.org\/{rel}","templated":true}]}}